{"id":108,"date":"2020-07-08T19:38:45","date_gmt":"2020-07-08T22:38:45","guid":{"rendered":"https:\/\/www.remyro.com.br\/loja\/?page_id=108"},"modified":"2024-10-31T21:56:47","modified_gmt":"2024-11-01T00:56:47","slug":"quem-somos","status":"publish","type":"page","link":"https:\/\/www.remyro.com.br\/loja\/quem-somos\/","title":{"rendered":"Quem Somos"},"content":{"rendered":"\t\t<div data-elementor-type=\"wp-page\" data-elementor-id=\"108\" class=\"elementor elementor-108\">\n\t\t\t\t\t\t<section class=\"elementor-section elementor-top-section elementor-element elementor-element-689bcf4f elementor-section-boxed elementor-section-height-default elementor-section-height-default\" data-id=\"689bcf4f\" data-element_type=\"section\" data-e-type=\"section\">\n\t\t\t\t\t\t<div class=\"elementor-container elementor-column-gap-default\">\n\t\t\t\t\t<div class=\"elementor-column elementor-col-100 elementor-top-column elementor-element elementor-element-25bb9a12\" data-id=\"25bb9a12\" data-element_type=\"column\" data-e-type=\"column\">\n\t\t\t<div class=\"elementor-widget-wrap elementor-element-populated\">\n\t\t\t\t\t\t<div class=\"elementor-element elementor-element-471d4c0 elementor-widget elementor-widget-heading\" data-id=\"471d4c0\" data-element_type=\"widget\" data-e-type=\"widget\" data-widget_type=\"heading.default\">\n\t\t\t\t<div class=\"elementor-widget-container\">\n\t\t\t\t\t<h2 class=\"elementor-heading-title elementor-size-default\">Quem Somos<\/h2>\t\t\t\t<\/div>\n\t\t\t\t<\/div>\n\t\t\t\t<div class=\"elementor-element elementor-element-484127 elementor-invisible elementor-widget elementor-widget-text-editor\" data-id=\"484127\" data-element_type=\"widget\" data-e-type=\"widget\" data-settings=\"{&quot;_animation&quot;:&quot;zoomInUp&quot;}\" data-widget_type=\"text-editor.default\">\n\t\t\t\t<div class=\"elementor-widget-container\">\n\t\t\t\t\t\t\t\t\t<p><\/p>\n<figure id=\"attachment_164\" aria-describedby=\"caption-attachment-164\" style=\"width: 547px\" class=\"wp-caption alignright\"><img fetchpriority=\"high\" decoding=\"async\" class=\" wp-image-164\" src=\"https:\/\/www.remyro.com.br\/loja\/wp-content\/uploads\/2020\/07\/fabrica1.jpg\" alt=\"\" width=\"547\" height=\"410\" srcset=\"https:\/\/www.remyro.com.br\/loja\/wp-content\/uploads\/2020\/07\/fabrica1.jpg 800w, https:\/\/www.remyro.com.br\/loja\/wp-content\/uploads\/2020\/07\/fabrica1-300x225.jpg 300w, https:\/\/www.remyro.com.br\/loja\/wp-content\/uploads\/2020\/07\/fabrica1-768x576.jpg 768w, https:\/\/www.remyro.com.br\/loja\/wp-content\/uploads\/2020\/07\/fabrica1-400x300.jpg 400w\" sizes=\"(max-width: 547px) 100vw, 547px\" \/><figcaption id=\"caption-attachment-164\" class=\"wp-caption-text\">Remyr\u00f4 &#8211; F\u00e1brica<\/figcaption><\/figure>\n<p>Em 1993, Edson A. Stolf, com seu esp\u00edrito empreendedor, come\u00e7ou a hist\u00f3ria desta empresa.&nbsp;Comprou de um amigo, um tear \u201cCOPPO\u201d que colocou em um ranchinho nos fundos de casa. Come\u00e7ou produzindo 200 blusas por semana. Uma senhora costurava as pe\u00e7as e um conhecido vendia.<\/p>\n<p>Sua persist\u00eancia e entusiasmo fizeram esse empreendimento continuar.&nbsp;J\u00e1 somamos 32 anos fazendo tric\u00f4. Nesse caminho, muito aprendizado, trabalho, dedica\u00e7\u00e3o e crescimento. A produ\u00e7\u00e3o aumentou, novas m\u00e1quinas foram adquiridas e contamos com uma equipe comprometida. A pesquisa \u00e9 constante, seja para os modelos, a mat\u00e9ria prima usada e o maquin\u00e1rio necess\u00e1rio. Estamos sempre investindo em tecnologias para a produ\u00e7\u00e3o de pe\u00e7as com qualidade e conforto.<\/p>\n<p>Atualmente, nossa cole\u00e7\u00e3o \u00e9 composta pelas linhas: baby, kids, teen e adulto.<\/p>\n<p>Quando falamos em tricot, vem a lembran\u00e7a nossas av\u00f3s, tias, m\u00e3es com as agulhas e novelos de l\u00e3, tricotando para a fam\u00edlia.<\/p>\n<p>N\u00f3s acreditamos que o tricot \u00e9 uma forma de express\u00e3o, identidade e comunica\u00e7\u00e3o. Queremos proporcionar conforto e aconchego, conectar as pessoas.<\/p>\n<ul>\n<li><strong>PROP\u00d3SITO<\/strong>: Participar da sua vida, atrav\u00e9s do tricot.<\/li>\n<li><strong>MISS\u00c3O<\/strong>: Ser o tricot mais confort\u00e1vel que voc\u00ea usa.<\/li>\n<li>&nbsp;<strong>VALORES<\/strong>: pessoas, clientes, qualidade, pontualidade<\/li>\n<\/ul>\n<p><\/p>\t\t\t\t\t\t\t\t<\/div>\n\t\t\t\t<\/div>\n\t\t\t\t\t<\/div>\n\t\t<\/div>\n\t\t\t\t\t<\/div>\n\t\t<\/section>\n\t\t\t\t<\/div>\n\t\t","protected":false},"excerpt":{"rendered":"<p>Quem Somos Em 1993, Edson A. Stolf, com seu esp\u00edrito empreendedor, come\u00e7ou a hist\u00f3ria desta empresa.&nbsp;Comprou de um amigo, um tear \u201cCOPPO\u201d que colocou em um ranchinho nos fundos de casa. Come\u00e7ou produzindo 200 blusas por semana. Uma senhora costurava as pe\u00e7as e um conhecido vendia. Sua persist\u00eancia e entusiasmo fizeram esse empreendimento continuar.&nbsp;J\u00e1 somamos [&hellip;]<\/p>\n","protected":false},"author":1,"featured_media":0,"parent":0,"menu_order":0,"comment_status":"closed","ping_status":"closed","template":"elementor_header_footer","meta":{"site-sidebar-layout":"default","site-content-layout":"default","ast-site-content-layout":"default","site-content-style":"default","site-sidebar-style":"default","ast-global-header-display":"","ast-banner-title-visibility":"","ast-main-header-display":"","ast-hfb-above-header-display":"","ast-hfb-below-header-display":"","ast-hfb-mobile-header-display":"","site-post-title":"","ast-breadcrumbs-content":"","ast-featured-img":"","footer-sml-layout":"","ast-disable-related-posts":"","theme-transparent-header-meta":"default","adv-header-id-meta":"","stick-header-meta":"","header-above-stick-meta":"","header-main-stick-meta":"","header-below-stick-meta":"","astra-migrate-meta-layouts":"default","ast-page-background-enabled":"default","ast-page-background-meta":{"desktop":{"background-color":"var(--ast-global-color-4)","background-image":"","background-repeat":"repeat","background-position":"center center","background-size":"auto","background-attachment":"scroll","background-type":"","background-media":"","overlay-type":"","overlay-color":"","overlay-opacity":"","overlay-gradient":""},"tablet":{"background-color":"","background-image":"","background-repeat":"repeat","background-position":"center center","background-size":"auto","background-attachment":"scroll","background-type":"","background-media":"","overlay-type":"","overlay-color":"","overlay-opacity":"","overlay-gradient":""},"mobile":{"background-color":"","background-image":"","background-repeat":"repeat","background-position":"center center","background-size":"auto","background-attachment":"scroll","background-type":"","background-media":"","overlay-type":"","overlay-color":"","overlay-opacity":"","overlay-gradient":""}},"ast-content-background-meta":{"desktop":{"background-color":"var(--ast-global-color-5)","background-image":"","background-repeat":"repeat","background-position":"center center","background-size":"auto","background-attachment":"scroll","background-type":"","background-media":"","overlay-type":"","overlay-color":"","overlay-opacity":"","overlay-gradient":""},"tablet":{"background-color":"var(--ast-global-color-5)","background-image":"","background-repeat":"repeat","background-position":"center center","background-size":"auto","background-attachment":"scroll","background-type":"","background-media":"","overlay-type":"","overlay-color":"","overlay-opacity":"","overlay-gradient":""},"mobile":{"background-color":"var(--ast-global-color-5)","background-image":"","background-repeat":"repeat","background-position":"center center","background-size":"auto","background-attachment":"scroll","background-type":"","background-media":"","overlay-type":"","overlay-color":"","overlay-opacity":"","overlay-gradient":""}},"footnotes":""},"class_list":["post-108","page","type-page","status-publish","hentry"],"_links":{"self":[{"href":"https:\/\/www.remyro.com.br\/loja\/wp-json\/wp\/v2\/pages\/108","targetHints":{"allow":["GET"]}}],"collection":[{"href":"https:\/\/www.remyro.com.br\/loja\/wp-json\/wp\/v2\/pages"}],"about":[{"href":"https:\/\/www.remyro.com.br\/loja\/wp-json\/wp\/v2\/types\/page"}],"author":[{"embeddable":true,"href":"https:\/\/www.remyro.com.br\/loja\/wp-json\/wp\/v2\/users\/1"}],"replies":[{"embeddable":true,"href":"https:\/\/www.remyro.com.br\/loja\/wp-json\/wp\/v2\/comments?post=108"}],"version-history":[{"count":0,"href":"https:\/\/www.remyro.com.br\/loja\/wp-json\/wp\/v2\/pages\/108\/revisions"}],"wp:attachment":[{"href":"https:\/\/www.remyro.com.br\/loja\/wp-json\/wp\/v2\/media?parent=108"}],"curies":[{"name":"wp","href":"https:\/\/api.w.org\/{rel}","templated":true}]}}