{"id":10397,"date":"2025-03-09T22:34:05","date_gmt":"2025-03-10T01:34:05","guid":{"rendered":"https:\/\/www.remyro.com.br\/loja\/?post_type=product&#038;p=10397"},"modified":"2026-03-16T16:04:56","modified_gmt":"2026-03-16T19:04:56","slug":"sueter-bicolor-1420-remyro","status":"publish","type":"product","link":"https:\/\/www.remyro.com.br\/loja\/produto\/sueter-bicolor-1420-remyro\/","title":{"rendered":"Su\u00e9ter Bicolor 1420"},"content":{"rendered":"<p>Su\u00e9ter manga longa, decote redondo, o charme do bicolor. Modelagem indicada para crian\u00e7as de 2 at\u00e9 10 anos, unissex. Confeccionado em fio 100% acr\u00edlico.<\/p>\n<p>Verifique as medidas.<br \/>\nTamanho 2: Busto: 32 cm \/ Comprimento: 40 cm \/ Manga: 44 cm<br \/>\nTamanho 4: Busto: 34 cm \/ Comprimento: 43 cm \/ Manga: 48 cm<br \/>\nTamanho 6: Busto: 36 cm \/ Comprimento: 45 cm \/ Manga: 52 cm<br \/>\nTamanho 8: Busto: 38 cm \/ Comprimento: 48 cm \/ Manga: 56 cm<br \/>\nTamanho 10: Busto: 40 cm \/ Comprimento: 50 cm \/ Manga: 60 cm<\/p>\n<p>OBS. A linha kids veste bem crian\u00e7as de 2 anos at\u00e9 10 anos.<br \/>\nMedida Busto: logo abaixo da cava.<br \/>\nMedida Comprimento: borda da gola at\u00e9 cintura.<br \/>\nVerifique cuidadosamente as medidas antes de comprar o produto, pode haver uma diferen\u00e7a de at\u00e9 2cm, pois o tric\u00f4 \u00e9 uma pe\u00e7a male\u00e1vel. Se voc\u00ea tiver d\u00favidas para escolher o tamanho, entre em contato conosco pelo nosso whatsapp.<br \/>\nDiferen\u00e7a de cor: os monitores n\u00e3o s\u00e3o configurados do mesmo modo pelos fabricantes, o que torna a exibi\u00e7\u00e3o das cores diferente em cada um deles.<br \/>\nCuidados: tric\u00f4 \u00e9 uma pe\u00e7a delicada, evite manusear o tric\u00f4 quando estiver com anel ou brincos, siga as instru\u00e7\u00f5es de uso, lavagem e secagem, que est\u00e3o na etiqueta, para aumentar sua durabilidade.<\/p>\n","protected":false},"excerpt":{"rendered":"<p>Su\u00e9ter manga longa, decote redondo, o charme do bicolor. Modelagem indicada para crian\u00e7as de 2 at\u00e9 10 anos, unissex. Confeccionado em fio 100% acr\u00edlico.<\/p>\n","protected":false},"featured_media":11328,"comment_status":"open","ping_status":"closed","template":"","meta":{"site-sidebar-layout":"default","site-content-layout":"default","ast-site-content-layout":"default","site-content-style":"default","site-sidebar-style":"default","ast-global-header-display":"","ast-banner-title-visibility":"","ast-main-header-display":"","ast-hfb-above-header-display":"","ast-hfb-below-header-display":"","ast-hfb-mobile-header-display":"","site-post-title":"","ast-breadcrumbs-content":"","ast-featured-img":"","footer-sml-layout":"","ast-disable-related-posts":"","theme-transparent-header-meta":"default","adv-header-id-meta":"","stick-header-meta":"","header-above-stick-meta":"","header-main-stick-meta":"","header-below-stick-meta":"","astra-migrate-meta-layouts":"set","ast-page-background-enabled":"default","ast-page-background-meta":{"desktop":{"background-color":"var(--ast-global-color-4)","background-image":"","background-repeat":"repeat","background-position":"center center","background-size":"auto","background-attachment":"scroll","background-type":"","background-media":"","overlay-type":"","overlay-color":"","overlay-opacity":"","overlay-gradient":""},"tablet":{"background-color":"","background-image":"","background-repeat":"repeat","background-position":"center center","background-size":"auto","background-attachment":"scroll","background-type":"","background-media":"","overlay-type":"","overlay-color":"","overlay-opacity":"","overlay-gradient":""},"mobile":{"background-color":"","background-image":"","background-repeat":"repeat","background-position":"center center","background-size":"auto","background-attachment":"scroll","background-type":"","background-media":"","overlay-type":"","overlay-color":"","overlay-opacity":"","overlay-gradient":""}},"ast-content-background-meta":{"desktop":{"background-color":"var(--ast-global-color-5)","background-image":"","background-repeat":"repeat","background-position":"center center","background-size":"auto","background-attachment":"scroll","background-type":"","background-media":"","overlay-type":"","overlay-color":"","overlay-opacity":"","overlay-gradient":""},"tablet":{"background-color":"var(--ast-global-color-5)","background-image":"","background-repeat":"repeat","background-position":"center center","background-size":"auto","background-attachment":"scroll","background-type":"","background-media":"","overlay-type":"","overlay-color":"","overlay-opacity":"","overlay-gradient":""},"mobile":{"background-color":"var(--ast-global-color-5)","background-image":"","background-repeat":"repeat","background-position":"center center","background-size":"auto","background-attachment":"scroll","background-type":"","background-media":"","overlay-type":"","overlay-color":"","overlay-opacity":"","overlay-gradient":""}}},"product_brand":[],"product_cat":[341,355,343,29,344],"product_tag":[77,69,107,226,154,65,102,228,141],"class_list":{"0":"post-10397","1":"product","2":"type-product","3":"status-publish","4":"has-post-thumbnail","6":"product_cat-colecao-aventuras-em-minusculo","7":"product_cat-infantil-promocoes","8":"product_cat-infantil-colecao-aventuras-em-minusculo","9":"product_cat-promocoes","10":"product_cat-sueter-infantil-colecao-aventuras-em-minusculo","11":"product_tag-blusa","12":"product_tag-fechado","13":"product_tag-gola-redonda","14":"product_tag-kids","15":"product_tag-leve","16":"product_tag-liso","17":"product_tag-masculino","18":"product_tag-trico","19":"product_tag-unissex","20":"desktop-align-left","21":"tablet-align-left","22":"mobile-align-left","24":"first","25":"instock","26":"sale","27":"taxable","28":"shipping-taxable","29":"purchasable","30":"product-type-variable","31":"add-to-wishlist-after_add_to_cart"},"_links":{"self":[{"href":"https:\/\/www.remyro.com.br\/loja\/wp-json\/wp\/v2\/product\/10397","targetHints":{"allow":["GET"]}}],"collection":[{"href":"https:\/\/www.remyro.com.br\/loja\/wp-json\/wp\/v2\/product"}],"about":[{"href":"https:\/\/www.remyro.com.br\/loja\/wp-json\/wp\/v2\/types\/product"}],"replies":[{"embeddable":true,"href":"https:\/\/www.remyro.com.br\/loja\/wp-json\/wp\/v2\/comments?post=10397"}],"version-history":[{"count":1,"href":"https:\/\/www.remyro.com.br\/loja\/wp-json\/wp\/v2\/product\/10397\/revisions"}],"predecessor-version":[{"id":13753,"href":"https:\/\/www.remyro.com.br\/loja\/wp-json\/wp\/v2\/product\/10397\/revisions\/13753"}],"wp:featuredmedia":[{"embeddable":true,"href":"https:\/\/www.remyro.com.br\/loja\/wp-json\/wp\/v2\/media\/11328"}],"wp:attachment":[{"href":"https:\/\/www.remyro.com.br\/loja\/wp-json\/wp\/v2\/media?parent=10397"}],"wp:term":[{"taxonomy":"product_brand","embeddable":true,"href":"https:\/\/www.remyro.com.br\/loja\/wp-json\/wp\/v2\/product_brand?post=10397"},{"taxonomy":"product_cat","embeddable":true,"href":"https:\/\/www.remyro.com.br\/loja\/wp-json\/wp\/v2\/product_cat?post=10397"},{"taxonomy":"product_tag","embeddable":true,"href":"https:\/\/www.remyro.com.br\/loja\/wp-json\/wp\/v2\/product_tag?post=10397"}],"curies":[{"name":"wp","href":"https:\/\/api.w.org\/{rel}","templated":true}]}}