{"id":10982,"date":"2025-03-16T18:35:41","date_gmt":"2025-03-16T21:35:41","guid":{"rendered":"https:\/\/www.remyro.com.br\/loja\/?post_type=product&#038;p=10982"},"modified":"2026-03-16T22:34:59","modified_gmt":"2026-03-17T01:34:59","slug":"sueter-baby-brasao-1178-remyro","status":"publish","type":"product","link":"https:\/\/www.remyro.com.br\/loja\/produto\/sueter-baby-brasao-1178-remyro\/","title":{"rendered":"Su\u00e9ter Baby Bras\u00e3o 1178"},"content":{"rendered":"<p>Su\u00e9ter baby em tric\u00f4, decote redondo. Confeccionado 100% acr\u00edlico. A linha baby veste bem crian\u00e7as at\u00e9 2 anos. Verifique as medidas.<br \/>\nTamanho P: Busto: 24 cm \/ Comprimento: 30 cm \/ Manga: 30 cm<br \/>\nTamanho M: Busto: 26 cm \/ Comprimento: 32 cm \/ Manga: 32 cm<br \/>\nTamanho G: Busto: 28 cm \/ Comprimento: 34 cm \/ Manga: 34 cm<br \/>\nTamanho GG: Busto: 30 cm \/ Comprimento: 36 cm \/ Manga: 36 cm<\/p>\n<p>OBS. A linha baby veste bem crian\u00e7as at\u00e9 2 anos. Verifique as medidas.<br \/>\nMedida Busto: logo abaixo da cava.<br \/>\nMedida Comprimento: borda da gola at\u00e9 cintura.<br \/>\nMedida Manga: manga + ombro + gola.<br \/>\nVerifique cuidadosamente as medidas antes de comprar o produto, pode haver uma diferen\u00e7a de at\u00e9 2cm, pois o tric\u00f4 \u00e9 uma pe\u00e7a male\u00e1vel. Se voc\u00ea tiver d\u00favidas para escolher o tamanho, entre em contato conosco pelo nosso whatsapp.<br \/>\nDiferen\u00e7a de cor: os monitores n\u00e3o s\u00e3o configurados do mesmo modo pelos fabricantes, o que torna a exibi\u00e7\u00e3o das cores diferente em cada um deles.<br \/>\nCuidados: tric\u00f4 \u00e9 uma pe\u00e7a delicada, evite manusear o tric\u00f4 quando estiver com anel ou brincos, siga as instru\u00e7\u00f5es de uso, lavagem e secagem, que est\u00e3o na etiqueta, para aumentar sua durabilidade.<\/p>\n","protected":false},"excerpt":{"rendered":"<p>Su\u00e9ter baby em tric\u00f4, decote redondo. Confeccionado 100% acr\u00edlico. A linha baby veste bem crian\u00e7as at\u00e9 2 anos.<\/p>\n","protected":false},"featured_media":11417,"comment_status":"open","ping_status":"closed","template":"","meta":{"site-sidebar-layout":"default","site-content-layout":"default","ast-site-content-layout":"default","site-content-style":"default","site-sidebar-style":"default","ast-global-header-display":"","ast-banner-title-visibility":"","ast-main-header-display":"","ast-hfb-above-header-display":"","ast-hfb-below-header-display":"","ast-hfb-mobile-header-display":"","site-post-title":"","ast-breadcrumbs-content":"","ast-featured-img":"","footer-sml-layout":"","ast-disable-related-posts":"","theme-transparent-header-meta":"default","adv-header-id-meta":"","stick-header-meta":"","header-above-stick-meta":"","header-main-stick-meta":"","header-below-stick-meta":"","astra-migrate-meta-layouts":"set","ast-page-background-enabled":"default","ast-page-background-meta":{"desktop":{"background-color":"var(--ast-global-color-4)","background-image":"","background-repeat":"repeat","background-position":"center center","background-size":"auto","background-attachment":"scroll","background-type":"","background-media":"","overlay-type":"","overlay-color":"","overlay-opacity":"","overlay-gradient":""},"tablet":{"background-color":"","background-image":"","background-repeat":"repeat","background-position":"center center","background-size":"auto","background-attachment":"scroll","background-type":"","background-media":"","overlay-type":"","overlay-color":"","overlay-opacity":"","overlay-gradient":""},"mobile":{"background-color":"","background-image":"","background-repeat":"repeat","background-position":"center center","background-size":"auto","background-attachment":"scroll","background-type":"","background-media":"","overlay-type":"","overlay-color":"","overlay-opacity":"","overlay-gradient":""}},"ast-content-background-meta":{"desktop":{"background-color":"var(--ast-global-color-5)","background-image":"","background-repeat":"repeat","background-position":"center center","background-size":"auto","background-attachment":"scroll","background-type":"","background-media":"","overlay-type":"","overlay-color":"","overlay-opacity":"","overlay-gradient":""},"tablet":{"background-color":"var(--ast-global-color-5)","background-image":"","background-repeat":"repeat","background-position":"center center","background-size":"auto","background-attachment":"scroll","background-type":"","background-media":"","overlay-type":"","overlay-color":"","overlay-opacity":"","overlay-gradient":""},"mobile":{"background-color":"var(--ast-global-color-5)","background-image":"","background-repeat":"repeat","background-position":"center center","background-size":"auto","background-attachment":"scroll","background-type":"","background-media":"","overlay-type":"","overlay-color":"","overlay-opacity":"","overlay-gradient":""}}},"product_brand":[],"product_cat":[342,341,350],"product_tag":[75,77,69,68,107,104,102,228,141],"class_list":{"0":"post-10982","1":"product","2":"type-product","3":"status-publish","4":"has-post-thumbnail","6":"product_cat-bebe-colecao-aventuras-em-minusculo","7":"product_cat-colecao-aventuras-em-minusculo","8":"product_cat-sueter-bebe-colecao-aventuras-em-minusculo","9":"product_tag-baby","10":"product_tag-blusa","11":"product_tag-fechado","12":"product_tag-feminino","13":"product_tag-gola-redonda","14":"product_tag-listrado","15":"product_tag-masculino","16":"product_tag-trico","17":"product_tag-unissex","18":"desktop-align-left","19":"tablet-align-left","20":"mobile-align-left","22":"first","23":"instock","24":"taxable","25":"shipping-taxable","26":"purchasable","27":"product-type-variable","28":"add-to-wishlist-after_add_to_cart"},"_links":{"self":[{"href":"https:\/\/www.remyro.com.br\/loja\/wp-json\/wp\/v2\/product\/10982","targetHints":{"allow":["GET"]}}],"collection":[{"href":"https:\/\/www.remyro.com.br\/loja\/wp-json\/wp\/v2\/product"}],"about":[{"href":"https:\/\/www.remyro.com.br\/loja\/wp-json\/wp\/v2\/types\/product"}],"replies":[{"embeddable":true,"href":"https:\/\/www.remyro.com.br\/loja\/wp-json\/wp\/v2\/comments?post=10982"}],"version-history":[{"count":1,"href":"https:\/\/www.remyro.com.br\/loja\/wp-json\/wp\/v2\/product\/10982\/revisions"}],"predecessor-version":[{"id":13531,"href":"https:\/\/www.remyro.com.br\/loja\/wp-json\/wp\/v2\/product\/10982\/revisions\/13531"}],"wp:featuredmedia":[{"embeddable":true,"href":"https:\/\/www.remyro.com.br\/loja\/wp-json\/wp\/v2\/media\/11417"}],"wp:attachment":[{"href":"https:\/\/www.remyro.com.br\/loja\/wp-json\/wp\/v2\/media?parent=10982"}],"wp:term":[{"taxonomy":"product_brand","embeddable":true,"href":"https:\/\/www.remyro.com.br\/loja\/wp-json\/wp\/v2\/product_brand?post=10982"},{"taxonomy":"product_cat","embeddable":true,"href":"https:\/\/www.remyro.com.br\/loja\/wp-json\/wp\/v2\/product_cat?post=10982"},{"taxonomy":"product_tag","embeddable":true,"href":"https:\/\/www.remyro.com.br\/loja\/wp-json\/wp\/v2\/product_tag?post=10982"}],"curies":[{"name":"wp","href":"https:\/\/api.w.org\/{rel}","templated":true}]}}