{"id":12196,"date":"2026-02-23T22:17:46","date_gmt":"2026-02-24T01:17:46","guid":{"rendered":"https:\/\/www.remyro.com.br\/loja\/?post_type=product&#038;p=12196"},"modified":"2026-03-12T17:21:56","modified_gmt":"2026-03-12T20:21:56","slug":"sueter-leo-1741","status":"publish","type":"product","link":"https:\/\/www.remyro.com.br\/loja\/produto\/sueter-leo-1741\/","title":{"rendered":"Su\u00e9ter L\u00e9o 1741"},"content":{"rendered":"<p>Su\u00e9ter, estilo blusa, manga longa, decote redondo, liso, detalhe rol\u00ea nos punhos e no corpo. Tric\u00f4 reto e solto. Modelagem indicada para crian\u00e7as de 2 at\u00e9 10 anos, unissex. Confeccionado em fio 100% acr\u00edlico.<\/p>\n<p>Verifique as medidas.<br \/>\nTamanho 2: Busto: 32 cm \/ Comprimento: 40 cm \/ Manga: 44 cm<br \/>\nTamanho 4: Busto: 34 cm \/ Comprimento: 43 cm \/ Manga: 48 cm<br \/>\nTamanho 6: Busto: 36 cm \/ Comprimento: 45 cm \/ Manga: 52 cm<br \/>\nTamanho 8: Busto: 38 cm \/ Comprimento: 48 cm \/ Manga: 56 cm<br \/>\nTamanho 10: Busto: 40 cm \/ Comprimento: 50 cm \/ Manga: 60 cm<\/p>\n<p>OBS. A linha kids veste bem crian\u00e7as de 2 anos at\u00e9 10 anos.<br \/>\nMedida Busto: logo abaixo da cava.<br \/>\nMedida Comprimento: borda da gola at\u00e9 cintura.<br \/>\nVerifique cuidadosamente as medidas antes de comprar o produto, pode haver uma diferen\u00e7a de at\u00e9 2cm, pois o tric\u00f4 \u00e9 uma pe\u00e7a male\u00e1vel. Se voc\u00ea tiver d\u00favidas para escolher o tamanho, entre em contato conosco pelo nosso whatsapp.<br \/>\nDiferen\u00e7a de cor: os monitores n\u00e3o s\u00e3o configurados do mesmo modo pelos fabricantes, o que torna a exibi\u00e7\u00e3o das cores diferente em cada um deles.<br \/>\nCuidados: tric\u00f4 \u00e9 uma pe\u00e7a delicada, evite manusear o tric\u00f4 quando estiver com anel ou brincos, siga as instru\u00e7\u00f5es de uso, lavagem e secagem, que est\u00e3o na etiqueta, para aumentar sua durabilidade.<\/p>\n","protected":false},"excerpt":{"rendered":"<p>Su\u00e9ter, estilo blusa, manga longa, decote redondo, liso, detalhe rol\u00ea nos punhos e no corpo. Tric\u00f4 reto e solto. Modelagem indicada para crian\u00e7as de 2 at\u00e9 10 anos, unissex. Confeccionado em fio 100% acr\u00edlico.<\/p>\n","protected":false},"featured_media":12637,"comment_status":"open","ping_status":"closed","template":"","meta":{"site-sidebar-layout":"default","site-content-layout":"default","ast-site-content-layout":"default","site-content-style":"default","site-sidebar-style":"default","ast-global-header-display":"","ast-banner-title-visibility":"","ast-main-header-display":"","ast-hfb-above-header-display":"","ast-hfb-below-header-display":"","ast-hfb-mobile-header-display":"","site-post-title":"","ast-breadcrumbs-content":"","ast-featured-img":"","footer-sml-layout":"","ast-disable-related-posts":"","theme-transparent-header-meta":"default","adv-header-id-meta":"","stick-header-meta":"","header-above-stick-meta":"","header-main-stick-meta":"","header-below-stick-meta":"","astra-migrate-meta-layouts":"set","ast-page-background-enabled":"default","ast-page-background-meta":{"desktop":{"background-color":"var(--ast-global-color-4)","background-image":"","background-repeat":"repeat","background-position":"center center","background-size":"auto","background-attachment":"scroll","background-type":"","background-media":"","overlay-type":"","overlay-color":"","overlay-opacity":"","overlay-gradient":""},"tablet":{"background-color":"","background-image":"","background-repeat":"repeat","background-position":"center center","background-size":"auto","background-attachment":"scroll","background-type":"","background-media":"","overlay-type":"","overlay-color":"","overlay-opacity":"","overlay-gradient":""},"mobile":{"background-color":"","background-image":"","background-repeat":"repeat","background-position":"center center","background-size":"auto","background-attachment":"scroll","background-type":"","background-media":"","overlay-type":"","overlay-color":"","overlay-opacity":"","overlay-gradient":""}},"ast-content-background-meta":{"desktop":{"background-color":"var(--ast-global-color-5)","background-image":"","background-repeat":"repeat","background-position":"center center","background-size":"auto","background-attachment":"scroll","background-type":"","background-media":"","overlay-type":"","overlay-color":"","overlay-opacity":"","overlay-gradient":""},"tablet":{"background-color":"var(--ast-global-color-5)","background-image":"","background-repeat":"repeat","background-position":"center center","background-size":"auto","background-attachment":"scroll","background-type":"","background-media":"","overlay-type":"","overlay-color":"","overlay-opacity":"","overlay-gradient":""},"mobile":{"background-color":"var(--ast-global-color-5)","background-image":"","background-repeat":"repeat","background-position":"center center","background-size":"auto","background-attachment":"scroll","background-type":"","background-media":"","overlay-type":"","overlay-color":"","overlay-opacity":"","overlay-gradient":""}}},"product_brand":[],"product_cat":[321,329,335],"product_tag":[77,69,68,107,234,226,65,102,228,141],"class_list":{"0":"post-12196","1":"product","2":"type-product","3":"status-publish","4":"has-post-thumbnail","6":"product_cat-colecao-clube-do-livro","7":"product_cat-infantil","8":"product_cat-sueter-infantil","9":"product_tag-blusa","10":"product_tag-fechado","11":"product_tag-feminino","12":"product_tag-gola-redonda","13":"product_tag-infantil","14":"product_tag-kids","15":"product_tag-liso","16":"product_tag-masculino","17":"product_tag-trico","18":"product_tag-unissex","19":"desktop-align-left","20":"tablet-align-left","21":"mobile-align-left","23":"first","24":"instock","25":"taxable","26":"shipping-taxable","27":"purchasable","28":"product-type-variable","29":"add-to-wishlist-after_add_to_cart"},"_links":{"self":[{"href":"https:\/\/www.remyro.com.br\/loja\/wp-json\/wp\/v2\/product\/12196","targetHints":{"allow":["GET"]}}],"collection":[{"href":"https:\/\/www.remyro.com.br\/loja\/wp-json\/wp\/v2\/product"}],"about":[{"href":"https:\/\/www.remyro.com.br\/loja\/wp-json\/wp\/v2\/types\/product"}],"replies":[{"embeddable":true,"href":"https:\/\/www.remyro.com.br\/loja\/wp-json\/wp\/v2\/comments?post=12196"}],"version-history":[{"count":1,"href":"https:\/\/www.remyro.com.br\/loja\/wp-json\/wp\/v2\/product\/12196\/revisions"}],"predecessor-version":[{"id":13409,"href":"https:\/\/www.remyro.com.br\/loja\/wp-json\/wp\/v2\/product\/12196\/revisions\/13409"}],"wp:featuredmedia":[{"embeddable":true,"href":"https:\/\/www.remyro.com.br\/loja\/wp-json\/wp\/v2\/media\/12637"}],"wp:attachment":[{"href":"https:\/\/www.remyro.com.br\/loja\/wp-json\/wp\/v2\/media?parent=12196"}],"wp:term":[{"taxonomy":"product_brand","embeddable":true,"href":"https:\/\/www.remyro.com.br\/loja\/wp-json\/wp\/v2\/product_brand?post=12196"},{"taxonomy":"product_cat","embeddable":true,"href":"https:\/\/www.remyro.com.br\/loja\/wp-json\/wp\/v2\/product_cat?post=12196"},{"taxonomy":"product_tag","embeddable":true,"href":"https:\/\/www.remyro.com.br\/loja\/wp-json\/wp\/v2\/product_tag?post=12196"}],"curies":[{"name":"wp","href":"https:\/\/api.w.org\/{rel}","templated":true}]}}