{"id":12624,"date":"2026-03-01T19:16:54","date_gmt":"2026-03-01T22:16:54","guid":{"rendered":"https:\/\/www.remyro.com.br\/loja\/?post_type=product&#038;p=12624"},"modified":"2026-03-27T17:10:39","modified_gmt":"2026-03-27T20:10:39","slug":"calca-leo-1726","status":"publish","type":"product","link":"https:\/\/www.remyro.com.br\/loja\/produto\/calca-leo-1726\/","title":{"rendered":"Cal\u00e7a L\u00e9o 1726"},"content":{"rendered":"<p>Cal\u00e7a reta com bolsos, el\u00e1stico na cintura, de caimento confort\u00e1vel, ideal para o dia a dia dos pequenos. Modelagem indicada para crian\u00e7as de 2 at\u00e9 10 anos, unissex. Confeccionado em fio 100% acr\u00edlico.<\/p>\n<p>Verifique as medidas.<br \/>\nTamanho 2: Cintura: 48 cm \/ Comprimento: 54 cm<br \/>\nTamanho 4: Cintura:\u00a0 52 cm \/ Comprimento: 61 cm<br \/>\nTamanho 6: Cintura: 56 cm \/ Comprimento: 69 cm<br \/>\nTamanho 8: Cintura: 60 cm \/ Comprimento: 75 cm<br \/>\nTamanho 10: Cintura: 64 cm \/ Comprimento: 82 cm<\/p>\n<p>OBS. A linha kids veste bem crian\u00e7as de 2 anos at\u00e9 10 anos.<br \/>\nMedida Cintura: altura do umbigo, lembrando que a medida da cintura \u00e9 a circunfer\u00eancia.<br \/>\nMedida Comprimento: cintura at\u00e9 o p\u00e9.<br \/>\nVerifique cuidadosamente as medidas antes de comprar o produto, pode haver uma diferen\u00e7a de at\u00e9 2cm, pois o tric\u00f4 \u00e9 uma pe\u00e7a male\u00e1vel. Se voc\u00ea tiver d\u00favidas para escolher o tamanho, entre em contato conosco pelo nosso whatsapp.<br \/>\nDiferen\u00e7a de cor: os monitores n\u00e3o s\u00e3o configurados do mesmo modo pelos fabricantes, o que torna a exibi\u00e7\u00e3o das cores diferente em cada um deles.<br \/>\nCuidados: tric\u00f4 \u00e9 uma pe\u00e7a delicada, evite manusear o tric\u00f4 quando estiver com anel ou brincos, siga as instru\u00e7\u00f5es de uso, lavagem e secagem, que est\u00e3o na etiqueta, para aumentar sua durabilidade.<\/p>\n","protected":false},"excerpt":{"rendered":"<p>Cal\u00e7a reta com bolsos, el\u00e1stico na cintura, de caimento confort\u00e1vel, ideal para o dia a dia dos pequenos. Modelagem indicada para crian\u00e7as de 2 at\u00e9 10 anos, unissex. Confeccionado em fio 100% acr\u00edlico.<\/p>\n","protected":false},"featured_media":13513,"comment_status":"open","ping_status":"closed","template":"","meta":{"site-sidebar-layout":"default","site-content-layout":"default","ast-site-content-layout":"default","site-content-style":"default","site-sidebar-style":"default","ast-global-header-display":"","ast-banner-title-visibility":"","ast-main-header-display":"","ast-hfb-above-header-display":"","ast-hfb-below-header-display":"","ast-hfb-mobile-header-display":"","site-post-title":"","ast-breadcrumbs-content":"","ast-featured-img":"","footer-sml-layout":"","ast-disable-related-posts":"","theme-transparent-header-meta":"default","adv-header-id-meta":"","stick-header-meta":"","header-above-stick-meta":"","header-main-stick-meta":"","header-below-stick-meta":"","astra-migrate-meta-layouts":"set","ast-page-background-enabled":"default","ast-page-background-meta":{"desktop":{"background-color":"var(--ast-global-color-4)","background-image":"","background-repeat":"repeat","background-position":"center center","background-size":"auto","background-attachment":"scroll","background-type":"","background-media":"","overlay-type":"","overlay-color":"","overlay-opacity":"","overlay-gradient":""},"tablet":{"background-color":"","background-image":"","background-repeat":"repeat","background-position":"center center","background-size":"auto","background-attachment":"scroll","background-type":"","background-media":"","overlay-type":"","overlay-color":"","overlay-opacity":"","overlay-gradient":""},"mobile":{"background-color":"","background-image":"","background-repeat":"repeat","background-position":"center center","background-size":"auto","background-attachment":"scroll","background-type":"","background-media":"","overlay-type":"","overlay-color":"","overlay-opacity":"","overlay-gradient":""}},"ast-content-background-meta":{"desktop":{"background-color":"var(--ast-global-color-5)","background-image":"","background-repeat":"repeat","background-position":"center center","background-size":"auto","background-attachment":"scroll","background-type":"","background-media":"","overlay-type":"","overlay-color":"","overlay-opacity":"","overlay-gradient":""},"tablet":{"background-color":"var(--ast-global-color-5)","background-image":"","background-repeat":"repeat","background-position":"center center","background-size":"auto","background-attachment":"scroll","background-type":"","background-media":"","overlay-type":"","overlay-color":"","overlay-opacity":"","overlay-gradient":""},"mobile":{"background-color":"var(--ast-global-color-5)","background-image":"","background-repeat":"repeat","background-position":"center center","background-size":"auto","background-attachment":"scroll","background-type":"","background-media":"","overlay-type":"","overlay-color":"","overlay-opacity":"","overlay-gradient":""}}},"product_brand":[],"product_cat":[340,321,329],"product_tag":[78,140,83,68,226,154,65,157,102,228,141],"class_list":{"0":"post-12624","1":"product","2":"type-product","3":"status-publish","4":"has-post-thumbnail","6":"product_cat-calca-infantil","7":"product_cat-colecao-clube-do-livro","8":"product_cat-infantil","9":"product_tag-bolso","10":"product_tag-calca","11":"product_tag-feminina","12":"product_tag-feminino","13":"product_tag-kids","14":"product_tag-leve","15":"product_tag-liso","16":"product_tag-masculina","17":"product_tag-masculino","18":"product_tag-trico","19":"product_tag-unissex","20":"desktop-align-left","21":"tablet-align-left","22":"mobile-align-left","24":"first","25":"instock","26":"taxable","27":"shipping-taxable","28":"purchasable","29":"product-type-variable","30":"add-to-wishlist-after_add_to_cart"},"_links":{"self":[{"href":"https:\/\/www.remyro.com.br\/loja\/wp-json\/wp\/v2\/product\/12624","targetHints":{"allow":["GET"]}}],"collection":[{"href":"https:\/\/www.remyro.com.br\/loja\/wp-json\/wp\/v2\/product"}],"about":[{"href":"https:\/\/www.remyro.com.br\/loja\/wp-json\/wp\/v2\/types\/product"}],"replies":[{"embeddable":true,"href":"https:\/\/www.remyro.com.br\/loja\/wp-json\/wp\/v2\/comments?post=12624"}],"version-history":[{"count":2,"href":"https:\/\/www.remyro.com.br\/loja\/wp-json\/wp\/v2\/product\/12624\/revisions"}],"predecessor-version":[{"id":13514,"href":"https:\/\/www.remyro.com.br\/loja\/wp-json\/wp\/v2\/product\/12624\/revisions\/13514"}],"wp:featuredmedia":[{"embeddable":true,"href":"https:\/\/www.remyro.com.br\/loja\/wp-json\/wp\/v2\/media\/13513"}],"wp:attachment":[{"href":"https:\/\/www.remyro.com.br\/loja\/wp-json\/wp\/v2\/media?parent=12624"}],"wp:term":[{"taxonomy":"product_brand","embeddable":true,"href":"https:\/\/www.remyro.com.br\/loja\/wp-json\/wp\/v2\/product_brand?post=12624"},{"taxonomy":"product_cat","embeddable":true,"href":"https:\/\/www.remyro.com.br\/loja\/wp-json\/wp\/v2\/product_cat?post=12624"},{"taxonomy":"product_tag","embeddable":true,"href":"https:\/\/www.remyro.com.br\/loja\/wp-json\/wp\/v2\/product_tag?post=12624"}],"curies":[{"name":"wp","href":"https:\/\/api.w.org\/{rel}","templated":true}]}}