{"id":8905,"date":"2024-01-26T21:32:53","date_gmt":"2024-01-27T00:32:53","guid":{"rendered":"https:\/\/www.remyro.com.br\/loja\/?post_type=product&#038;p=8905"},"modified":"2026-03-11T10:59:38","modified_gmt":"2026-03-11T13:59:38","slug":"sueter-kids-union-1389-remyro","status":"publish","type":"product","link":"https:\/\/www.remyro.com.br\/loja\/produto\/sueter-kids-union-1389-remyro\/","title":{"rendered":"Su\u00e9ter Kids Union 1389"},"content":{"rendered":"<p>Su\u00e9ter manga longa, decote redondo. Com trama em relevo. Modelagem indicada para crian\u00e7as de 2 at\u00e9 10 anos, unissex. Confeccionado em fio 100% acr\u00edlico. Verifique as medidas.<br \/>\nTamanho 2: Busto: 32 cm \/ Comprimento: 40 cm \/ Manga: 44 cm<br \/>\nTamanho 4: Busto: 34 cm \/ Comprimento: 43 cm \/ Manga: 48 cm<br \/>\nTamanho 6: Busto: 36 cm \/ Comprimento: 45 cm \/ Manga: 52 cm<br \/>\nTamanho 8: Busto: 38 cm \/ Comprimento: 48 cm \/ Manga: 56 cm<br \/>\nTamanho 10: Busto: 40 cm \/ Comprimento: 50 cm \/ Manga: 60 cm<br \/>\nOBS. A linha kids veste bem crian\u00e7as de 2 anos at\u00e9 10 anos. Verifique as medidas.<br \/>\nMedida Busto: logo abaixo da cava.<br \/>\nMedida Comprimento: borda da gola at\u00e9 cintura.<br \/>\nMedida Manga: manga + ombro + gola.<br \/>\nVerifique cuidadosamente as medidas antes de comprar o produto, pode haver uma diferen\u00e7a de at\u00e9 2cm, pois o tric\u00f4 \u00e9 uma pe\u00e7a male\u00e1vel. Se voc\u00ea tiver d\u00favidas para escolher o tamanho, entre em contato conosco pelo nosso whatsapp.<br \/>\nDiferen\u00e7a de cor: os monitores n\u00e3o s\u00e3o configurados do mesmo modo pelos fabricantes, o que torna a exibi\u00e7\u00e3o das cores diferente em cada um deles.<br \/>\nCuidados: tric\u00f4 \u00e9 uma pe\u00e7a delicada, siga as instru\u00e7\u00f5es de uso, lavagem e secagem, que est\u00e3o na etiqueta, para aumentar sua durabilidade.<\/p>\n","protected":false},"excerpt":{"rendered":"<p>Su\u00e9ter manga longa, decote redondo. Com trama em relevo. Modelagem indicada para crian\u00e7as de 2 at\u00e9 10 anos, unissex. Confeccionado em fio 100% acr\u00edlico.<\/p>\n","protected":false},"featured_media":11155,"comment_status":"open","ping_status":"closed","template":"","meta":{"site-sidebar-layout":"default","site-content-layout":"default","ast-site-content-layout":"default","site-content-style":"default","site-sidebar-style":"default","ast-global-header-display":"","ast-banner-title-visibility":"","ast-main-header-display":"","ast-hfb-above-header-display":"","ast-hfb-below-header-display":"","ast-hfb-mobile-header-display":"","site-post-title":"","ast-breadcrumbs-content":"","ast-featured-img":"","footer-sml-layout":"","ast-disable-related-posts":"","theme-transparent-header-meta":"default","adv-header-id-meta":"","stick-header-meta":"","header-above-stick-meta":"","header-main-stick-meta":"","header-below-stick-meta":"","astra-migrate-meta-layouts":"set","ast-page-background-enabled":"default","ast-page-background-meta":{"desktop":{"background-color":"var(--ast-global-color-4)","background-image":"","background-repeat":"repeat","background-position":"center center","background-size":"auto","background-attachment":"scroll","background-type":"","background-media":"","overlay-type":"","overlay-color":"","overlay-opacity":"","overlay-gradient":""},"tablet":{"background-color":"","background-image":"","background-repeat":"repeat","background-position":"center center","background-size":"auto","background-attachment":"scroll","background-type":"","background-media":"","overlay-type":"","overlay-color":"","overlay-opacity":"","overlay-gradient":""},"mobile":{"background-color":"","background-image":"","background-repeat":"repeat","background-position":"center center","background-size":"auto","background-attachment":"scroll","background-type":"","background-media":"","overlay-type":"","overlay-color":"","overlay-opacity":"","overlay-gradient":""}},"ast-content-background-meta":{"desktop":{"background-color":"var(--ast-global-color-5)","background-image":"","background-repeat":"repeat","background-position":"center center","background-size":"auto","background-attachment":"scroll","background-type":"","background-media":"","overlay-type":"","overlay-color":"","overlay-opacity":"","overlay-gradient":""},"tablet":{"background-color":"var(--ast-global-color-5)","background-image":"","background-repeat":"repeat","background-position":"center center","background-size":"auto","background-attachment":"scroll","background-type":"","background-media":"","overlay-type":"","overlay-color":"","overlay-opacity":"","overlay-gradient":""},"mobile":{"background-color":"var(--ast-global-color-5)","background-image":"","background-repeat":"repeat","background-position":"center center","background-size":"auto","background-attachment":"scroll","background-type":"","background-media":"","overlay-type":"","overlay-color":"","overlay-opacity":"","overlay-gradient":""}}},"product_brand":[],"product_cat":[341,343,355,29,344],"product_tag":[77,69,83,107,226,102,76,153,228,141],"class_list":{"0":"post-8905","1":"product","2":"type-product","3":"status-publish","4":"has-post-thumbnail","6":"product_cat-colecao-aventuras-em-minusculo","7":"product_cat-infantil-colecao-aventuras-em-minusculo","8":"product_cat-infantil-promocoes","9":"product_cat-promocoes","10":"product_cat-sueter-infantil-colecao-aventuras-em-minusculo","11":"product_tag-blusa","12":"product_tag-fechado","13":"product_tag-feminina","14":"product_tag-gola-redonda","15":"product_tag-kids","16":"product_tag-masculino","17":"product_tag-sueter","18":"product_tag-trabalhado","19":"product_tag-trico","20":"product_tag-unissex","21":"desktop-align-left","22":"tablet-align-left","23":"mobile-align-left","25":"first","26":"instock","27":"sale","28":"taxable","29":"shipping-taxable","30":"purchasable","31":"product-type-variable","32":"add-to-wishlist-after_add_to_cart"},"_links":{"self":[{"href":"https:\/\/www.remyro.com.br\/loja\/wp-json\/wp\/v2\/product\/8905","targetHints":{"allow":["GET"]}}],"collection":[{"href":"https:\/\/www.remyro.com.br\/loja\/wp-json\/wp\/v2\/product"}],"about":[{"href":"https:\/\/www.remyro.com.br\/loja\/wp-json\/wp\/v2\/types\/product"}],"replies":[{"embeddable":true,"href":"https:\/\/www.remyro.com.br\/loja\/wp-json\/wp\/v2\/comments?post=8905"}],"version-history":[{"count":1,"href":"https:\/\/www.remyro.com.br\/loja\/wp-json\/wp\/v2\/product\/8905\/revisions"}],"predecessor-version":[{"id":13553,"href":"https:\/\/www.remyro.com.br\/loja\/wp-json\/wp\/v2\/product\/8905\/revisions\/13553"}],"wp:featuredmedia":[{"embeddable":true,"href":"https:\/\/www.remyro.com.br\/loja\/wp-json\/wp\/v2\/media\/11155"}],"wp:attachment":[{"href":"https:\/\/www.remyro.com.br\/loja\/wp-json\/wp\/v2\/media?parent=8905"}],"wp:term":[{"taxonomy":"product_brand","embeddable":true,"href":"https:\/\/www.remyro.com.br\/loja\/wp-json\/wp\/v2\/product_brand?post=8905"},{"taxonomy":"product_cat","embeddable":true,"href":"https:\/\/www.remyro.com.br\/loja\/wp-json\/wp\/v2\/product_cat?post=8905"},{"taxonomy":"product_tag","embeddable":true,"href":"https:\/\/www.remyro.com.br\/loja\/wp-json\/wp\/v2\/product_tag?post=8905"}],"curies":[{"name":"wp","href":"https:\/\/api.w.org\/{rel}","templated":true}]}}